{"id":24,"date":"2014-05-18T13:36:42","date_gmt":"2014-05-18T11:36:42","guid":{"rendered":"http:\/\/dasgrafikbuero.at\/wp_ami\/?page_id=24"},"modified":"2024-11-27T17:35:15","modified_gmt":"2024-11-27T15:35:15","slug":"ueber-mich","status":"publish","type":"page","link":"http:\/\/logopaedie-schrems.at\/wordpress\/ueber-mich","title":{"rendered":"\u00dcber mich"},"content":{"rendered":"<table style=\"height: 449px;\" width=\"646\">\r\n<tbody>\r\n<tr>\r\n<td width=\"112\">\u00a0<\/td>\r\n<td width=\"367\">\r\n<h6>Ausbildung und berufliche T\u00e4tigkeit<\/h6>\r\n<\/td>\r\n<\/tr>\r\n<tr>\r\n<td width=\"112\">seit 2013<\/td>\r\n<td width=\"367\">Logop\u00e4dische Praxis in der <strong>Grinzinger Allee 3,\u00a0<\/strong>1190 Wien<\/td>\r\n<\/tr>\r\n<tr>\r\n<td>2008 \u2013 2012<\/td>\r\n<td>Logop\u00e4dische Praxis im <strong>Kinderzentrum Sternwarte<\/strong>, 1180 Wien<\/td>\r\n<\/tr>\r\n<tr>\r\n<td>2002 \u2013 2007<\/td>\r\n<td>Logop\u00e4dische <strong>Gemeinschaftspraxis in Traun und Linz<\/strong><\/td>\r\n<\/tr>\r\n<tr>\r\n<td>1999 \u2013 2001<\/td>\r\n<td>Logop\u00e4din am <strong>Fachambulatorium der O\u00d6 Gebietskrankenkasse<\/strong> in Linz<\/td>\r\n<\/tr>\r\n<tr>\r\n<td>1990 \u2013 1999<\/td>\r\n<td>Logop\u00e4din an der <strong>HNO-Abteilung des Hanuschkrankenhauses<\/strong> in Wien<\/td>\r\n<\/tr>\r\n<tr>\r\n<td>1990<\/td>\r\n<td>Abschluss der Ausbildung zur Logop\u00e4din an der <strong>Akademie f\u00fcr den logop\u00e4disch-phoniatrisch-audiologischen Dienst am AKH in Wien<\/strong><\/td>\r\n<\/tr>\r\n<\/tbody>\r\n<\/table>\r\n<p>&nbsp;<\/p>\r\n<p>Ich bin verheiratet und Mutter von zwei T\u00f6chtern. Neben meiner Familie und der Logop\u00e4die bereichern das Beisammensein mit Menschen, das Bewegen in der Natur, Musik und gutes Essen mein Leben. \ud83d\ude42\u00a0<\/p>\r\n<p>&nbsp;<\/p>\r\n<blockquote>\r\n<p><a title=\"Fortbildungen\" href=\"http:\/\/logopaedie-schrems.at\/wordpress\/ueber-mich\/fortbildungen\">Liste meiner Fortbildungen<\/a><\/p>\r\n<\/blockquote>\r\n<p>Eingetragen im \u00d6sterreichischen Gesundheitsberuferegister<\/p>\r\n<p>\u00d6GLPP \u00d6sterreichische\u00a0Gesellschaft\u00a0f\u00fcr Logop\u00e4die, Phoniatrie und P\u00e4daudiologie<\/p>\r\n<p>Mitglied des Berufsverbandes <a href=\"http:\/\/www.logopaedieaustria.at\" target=\"_blank\" rel=\"noopener noreferrer\">logop\u00e4dieaustria<\/a><\/p>\r\n<p>Zertifizierter Mykie\u00ae PARTNER &#8211; Myofunktionelle Kieferorthop\u00e4die<\/p>\r\n\r\n\r\n\r\n\r\n\r\n<p><a href=\"http:\/\/www.logopaedieaustria.at\" target=\"_blank\" rel=\"noopener noreferrer\"><img loading=\"lazy\" decoding=\"async\" class=\"alignleft size-full wp-image-180\" style=\"padding-left: 80px;\" src=\"http:\/\/logopaedie-schrems.at\/wordpress\/wp-content\/uploads\/2014\/05\/logopaedieaustria90x99.jpg\" alt=\"logopaedieaustria\" width=\"90\" height=\"99\" \/><\/a><\/p>\r\n","protected":false},"excerpt":{"rendered":"<p>\u00a0 Ausbildung und berufliche T\u00e4tigkeit seit 2013 Logop\u00e4dische Praxis in der Grinzinger Allee 3,\u00a01190 Wien 2008 \u2013 2012 Logop\u00e4dische Praxis im Kinderzentrum Sternwarte, 1180 Wien 2002 \u2013 2007 Logop\u00e4dische Gemeinschaftspraxis in Traun und Linz 1999 \u2013 2001 Logop\u00e4din am Fachambulatorium&hellip; <\/p>\n","protected":false},"author":2,"featured_media":0,"parent":0,"menu_order":30,"comment_status":"closed","ping_status":"closed","template":"","meta":{"footnotes":""},"class_list":["post-24","page","type-page","status-publish","hentry"],"_links":{"self":[{"href":"http:\/\/logopaedie-schrems.at\/wordpress\/wp-json\/wp\/v2\/pages\/24","targetHints":{"allow":["GET"]}}],"collection":[{"href":"http:\/\/logopaedie-schrems.at\/wordpress\/wp-json\/wp\/v2\/pages"}],"about":[{"href":"http:\/\/logopaedie-schrems.at\/wordpress\/wp-json\/wp\/v2\/types\/page"}],"author":[{"embeddable":true,"href":"http:\/\/logopaedie-schrems.at\/wordpress\/wp-json\/wp\/v2\/users\/2"}],"replies":[{"embeddable":true,"href":"http:\/\/logopaedie-schrems.at\/wordpress\/wp-json\/wp\/v2\/comments?post=24"}],"version-history":[{"count":51,"href":"http:\/\/logopaedie-schrems.at\/wordpress\/wp-json\/wp\/v2\/pages\/24\/revisions"}],"predecessor-version":[{"id":876,"href":"http:\/\/logopaedie-schrems.at\/wordpress\/wp-json\/wp\/v2\/pages\/24\/revisions\/876"}],"wp:attachment":[{"href":"http:\/\/logopaedie-schrems.at\/wordpress\/wp-json\/wp\/v2\/media?parent=24"}],"curies":[{"name":"wp","href":"https:\/\/api.w.org\/{rel}","templated":true}]}}