{"id":252,"date":"2014-06-11T09:43:01","date_gmt":"2014-06-11T07:43:01","guid":{"rendered":"http:\/\/dasgrafikbuero.at\/wp_ami\/?page_id=252"},"modified":"2025-09-14T22:29:43","modified_gmt":"2025-09-14T20:29:43","slug":"fortbildungen","status":"publish","type":"page","link":"http:\/\/logopaedie-schrems.at\/wordpress\/ueber-mich\/fortbildungen","title":{"rendered":"Fortbildungen"},"content":{"rendered":"<p><strong>Um bei meiner logop\u00e4dischen Arbeit immer am Laufenden zu sein, besuche ich regelm\u00e4\u00dfig Fort- und Weiterbildungen zu meinen therapeutischen Schwerpunkten. Der fachliche Austausch mit Kolleg*innen und anderen Fachdisziplinen liegt mir sehr am Herzen.<\/strong><\/p>\n<h6>Aus- und Weiterbildung w\u00e4hrend meiner beruflichen T\u00e4tigkeit<\/h6>\n<p>&nbsp;<\/p>\n<ul>\n<li>Kongress &#8211; Das kurze Zungenband (\u00d6GKIZ &#8211; \u00d6sterr. Gesellschaft f\u00fcr Kinderzahnmedizin)<\/li>\n<li>Das zu kurze Zungenband: Auswirkungen &#8211; Diagnostik &#8211; Therapie (Laura P\u00f6chtrager)<\/li>\n<li>Zertifizierter Mykie\u00ae PARTNER &#8211; Lehrgang Myofunktionelle Kieferorthop\u00e4die (Dr. Andrea Freudenberg)<\/li>\n<li>Gesichts- und Kieferentwicklung in Verbindung mit Kauen, N\u00e4hrstoffversorgung und Haltung (Prof. W. Bein-Wierzbinski)<\/li>\n<li>Laufende Weiterbildung im Bereich offene Mundhaltung, Atmung, Kau-und Schluckfunktion f\u00fcr alle Altersgruppen (Symposien, Interdisziplin\u00e4rer Fachaustausch, &#8230;<\/li>\n<li>Dysgrammatismus 360 Grad (Ann-Kathrin Sch\u00e4fer)<\/li>\n<li>LAT-AS Konzept \/ Behandlung lateraler Aussprachest\u00f6rungen (Nicole Gyra-Brandt)<\/li>\n<li>Abschluss der mehrteiligen Atemausbildung zum zertifizierten BUTEYKO-Practitioner (Victor Anton MBBA)<\/li>\n<li>Wortschatztherapie im interaktionellen Kontext (Nina Fuisz-Szammer, MSc)<\/li>\n<li>Kindliche Aussprachest\u00f6rungen (P.O.P.T. nach Prof. Fox-Boyer) &#8211; Modul 1 und 2<\/li>\n<\/ul>\n<ul>\n<li>Das Zungenband aus interdisziplin\u00e4rer Sicht<\/li>\n<li>VED &#8211; Die verbale Entwicklungsdyspraxie (Symposium)<\/li>\n<li>Die Lichtenberger Methode in der Stimmtherapie (Katharina Feldmann)<\/li>\n<li>R.E.S.E.T. 1+2 &#8211; Kieferentspannung<\/li>\n<li>Einf\u00fchrung in das P\u00c4PKI-Konzept &#8211; Neurophysiologische F\u00f6rdermethode f\u00fcr Kinder mit funktionellen Entwicklungsst\u00f6rungen mit Workshop: fehlender Mundschluss in Verbindung zur K\u00f6rperhaltung (Dr. Wibke Bein-Wierzbinsky)<\/li>\n<li>LAX VOX &#8211; \u00dcbung zur Pflege, Heilung und Schulung der Stimme (Stefanie A. Kruse)<\/li>\n<li>Vom Turn-Taking zum Dialog &#8211; Pragmatisch-kommunikative Diagnostik und Therapie bei kleinen Kindern (Susanne Mathieu)<\/li>\n<li>Wortschatzsammler &#8211; Therapie lexikalischer St\u00f6rungen im Kindesalter (Dr. Hans-Joachim Motsch)<\/li>\n<li>Fr\u00fche Therapie mit sprachentwicklungsauff\u00e4lligen Kindern (Barbara Zollinger)<\/li>\n<li>Stimmseminar &#8222;Ran an die Stimme&#8220; (Viola Neuwald-Fernandez)<\/li>\n<li>Symposium Stimmerkrankungen bei Schauspielern und S\u00e4ngern in Wien<\/li>\n<li>Vokalsommerakademie in Eisenstadt mit Jonny Pinter (j\u00e4hrliche Teilnahme seit 2011)<\/li>\n<li>VED &#8211; Die verbale Entwicklungsdyspraxie (Cornelia Reu\u00df)<\/li>\n<li>Das Zungenb\u00e4ndchen aus ganzheitlicher Sicht (Dr. Alison Hazelbaker, USA)<\/li>\n<li>Kontextoptimierung &#8211; Evidenzbasierte Therapie grammatischer St\u00f6rungen im Vor- und Schulalter (Dr. Hans-Joachim Motsch)<\/li>\n<li>Myofunktionelle Therapie in der Praxis (Viola Koch)<\/li>\n<li>Sprache \u2013 K\u00f6rpersprache \u2013 Vitalfunktionen\u00a0(Dr. Ingvo Broich)<\/li>\n<li>Therapie von Sprachentwicklungsst\u00f6rungen mit altersad\u00e4quaten Spielen\u00a0(Dr. Elisabeth Wildegger-Lack)<\/li>\n<li>Von Late Talkern bis zu Wortfindungsst\u00f6rungen\u00a0(Dr. Silke Kruse)<\/li>\n<li>Fachkongress logop\u00e4dieaustria: Im Gespr\u00e4ch in Graz<\/li>\n<li>Intensiv &#8211; Seminarreihe: Erfassung und Therapie sprachentwicklungsauff\u00e4lliger Kinder, nach Dr. Barbara\u00a0 Zollinger, Modul I \u2013 V<\/li>\n<li>Viele F\u00e4lle von Dysgrammatismus\u00a0(Dr. Silke Kruse)<\/li>\n<li>Phonologie, Lexikon, Grammatik und Pragmatik\u00a0(Dr. Silke Kruse)<\/li>\n<li>Grazer Stimmtage<\/li>\n<li>Stimmtherapie nach Phonochirurgie\u00a0(Dr. Gerrit Wohlt)<\/li>\n<li>Die Entdeckung der Sprache (Dr. Barbara Zollinger)<\/li>\n<li>Die Singstimme der Logop\u00e4din\u00a0(Evemarie Haupt)<\/li>\n<li>Nat\u00fcrlicher Grammatikerwerb und Dysgrammatismus\u00a0(Dr. Silke Kruse)<\/li>\n<li>Einf\u00fchrung in die Stimmig sein Methode\u00a0(Uta Feuerstein und Uta Himmelbauer)<\/li>\n<li>Seminarreihe &#8211; Myofunktionelle Therapie, Modul, I &#8211; IV\u00a0(Mathilde Furtenbach)<\/li>\n<li>Dysgrammatismus, Ursachen, Diagnostik und Therapie\u00a0(Edith Schlag, MSc, MPhil)<\/li>\n<li>Wortschatzerwerb\u00a0(Dr. Julia Siegm\u00fcller)<\/li>\n<li>Zunge und Kehlkopf, Feldenkrais\u00a0(Ulli Jaksch)<\/li>\n<li>Symposium Stimmerkrankungen bei Schauspielern und S\u00e4ngern in Wien<\/li>\n<li>Mehrere Aufbaukurse zur Orofacialen Regulationstherapie nach Dr. Rodolfo Castillo Morales (Dr. Juan Brondo)<\/li>\n<li>Seminarreihe: Die Kybernetische Methode, Modul I &#8211; V (Hariolf Dreher)<\/li>\n<li>Manuelle Stimmtherapie\u00a0(Gabriele M\u00fcnch)<\/li>\n<li>Poltern \u2013 Neue Perspektiven zur Theorie und Praxis\u00a0(Michael Schneider)<\/li>\n<li>Funktionale Stimmtherapie\u00a0(Michael Heptner)<\/li>\n<li>Der erfahrbare Atem, atmen \u2013 bewegen \u2013 t\u00f6nen nach Middendorf\u00a0\u00a0(Dipl.-P\u00e4d. Norbert Faller)<\/li>\n<li>Qui Gong und Stimme I und II\u00a0(Evemarie Haupt)<\/li>\n<li>Sonne, Mond und Stimme (Renate Schulze-Schindler)<\/li>\n<li>Diagnostik und Therapie der Dysphagie (Alexandra Jurek-Schick und Eva Kommenda-Prokop)<\/li>\n<li>Therapie von Kindern mit fr\u00fchen Spracherwerbsst\u00f6rungen\u00a0(Ruth Rieser)<\/li>\n<li>Myofunktionelle Therapie\u00a0(Anita M. Kittel)<\/li>\n<li>Einf\u00fchrung in das Modak Programm\u00a0(Dr. Luise Lutz)<\/li>\n<li>Die Phonologische Entwicklungsst\u00f6rung\u00a0(Mag. Elke Brunner)<\/li>\n<li>Logop\u00e4dische Beratung und Therapie vor dem systemischen Hintergrund (Dr. Harry Merl)<\/li>\n<li>Dysarthrie \u2013 Grundlagen, Diagnostik, Behandlungsverfahren\u00a0(Dr. Wolfram Ziegler)<\/li>\n<li>Lese-Rechtschreibschw\u00e4che, ein ganzheitlicher Ansatz\u00a0(Gerlinde Rohrhofer)<\/li>\n<li>Praxis der Sprachentwicklungsverz\u00f6gerung basierend auf der sensorischen Integration\u00a0(Susanne Renk)<\/li>\n<li>Sprechapraxie, Grundlagen, Diagnostik, Behandlungsverfahren (Dr. Wolfram Ziegler)<\/li>\n<li>Atem und Stimme als Ausdruck pers\u00f6nlicher Vitalit\u00e4t und Kraft, Atemtypen f\u00fcr die Stimmtherapie\u00a0(Eva Loschky)<\/li>\n<li>Die logop\u00e4dische Arbeit in der neurologischen Rehabilitation nach Prof. Dr. Schwarz\u00a0(Irene Busslinger)<\/li>\n<li>Sensorische Integration im Dialog\u00a0(Ulla Kiesling)<\/li>\n<li>Myofunktionelle Therapie\u00a0 (Karin Pfaller)<\/li>\n<li>Sensorische Integration\u00a0(Gudrun Kesper)<\/li>\n<li>Logop\u00e4dische Behandlung von Facialisparesen, Diagnose und Behandlung von myofunktionellen St\u00f6rungen\u00a0(Elisa B.C. Altmann)<\/li>\n<li>Symposium: Oropharyngeale Dysphagien aus interdisziplin\u00e4rer Sicht in Wien<\/li>\n<li>GRUMS (Heidelberger Gruppenkonzept f\u00fcr myofunktionelle St\u00f6rungen)\u00a0(B. Lleras und L. M\u00fcller)<\/li>\n<li>Plastizit\u00e4t des Nervensystems, Wahrnehmung und Sensorische Integration (Dr. Nelson Annunciato)<\/li>\n<li>Symposium: Kehlkopfl\u00e4hmungen in Graz<\/li>\n<li>H\u00f6here Funktionen des Nervensystems &#8211; Stomatognatischer Apparat (Dr. Nelson Annunciato)<\/li>\n<li>Wege zur Kommunikation \u2013\u00a01. \u00d6sterreichischer Logop\u00e4diekongress in Salzburg<\/li>\n<li>Internationales Symposium: Die Berufsstimme in Salzburg<\/li>\n<li>Legasthenie nach Beatriz A.E. Padovan; Prakt. \u00dcbungen bei Lern- und Schreibst\u00f6rungen Wien (B. Padovan und Dr. Nelson Annunciato)<\/li>\n<li>Myofunktionelle Therapie in der Praxis\u00a0(Mathilde Furtenbach)<\/li>\n<li>Die k\u00f6rperliche Arbeit in der logop\u00e4dischen Therapie\u00a0(Dr. I. Meira)<\/li>\n<li>Zur Prophylaxe und Therapie kindlicher Dysphonien\u00a0(S. Zimmermann)<\/li>\n<li>Symposium: Orofaciale Dysfunktionen aus interdisziplin\u00e4rer Sicht: Klinik-\u00c4tiologie-Therapie in Wien<\/li>\n<li>Ein neuer Ansatz in der Therapie des Stotterns\u00a0(Dr. I. Meira)<\/li>\n<li>Orofaciale Regulationstherapie nach Dr. Rodolfo Castillo Morales, Teil I und II\u00a0(Dr. Juan Brondo)<\/li>\n<li>Einf\u00fchrung in die psychologische und psychotherapeutische Arbeit mit kindlichen und erwachsenen Stotterern\u00a0(Dr. Eva Nagl-Jancak)<\/li>\n<li>Atem- und Stimmarbeit nach Ilse Middendorf und Romeo Alavi Kia\u00a0(Eva-Maria Rosenmayr)<\/li>\n<li>Neurofunktionelle Reorganisation (Beatriz A.E. Padovan, Dr. Nelson Annunciato)<\/li>\n<li>Handeln &#8211; Denken &#8211; Sprechen\u00a0(Mag. Johanna Stadler)<\/li>\n<li>Physiologie, Pathophysiologie und funktionelle Therapie der Dysphagie\u00a0(Dr. Gudrun Bartolome)<\/li>\n<li>Aphasie &#8211; therapieorientierte Diagnostik und Therapieplanung\u00a0(Angelika Bauer und Gudrun Kaiser)<\/li>\n<li>Symposium Stimmschonung f\u00fcr LehrerInnen<\/li>\n<li>Muskelfunktionstraining mit Hilfe lautunterst\u00fctzender Bewegung\u00a0(Ulrike Wohlleben)<\/li>\n<li>Einf\u00fchrung in die Phonorhythmik\u00a0(Ute Oberl\u00e4nder-Gentsch)<\/li>\n<\/ul>\n","protected":false},"excerpt":{"rendered":"<p>Um bei meiner logop\u00e4dischen Arbeit immer am Laufenden zu sein, besuche ich regelm\u00e4\u00dfig Fort- und Weiterbildungen zu meinen therapeutischen Schwerpunkten. Der fachliche Austausch mit Kolleg*innen und anderen Fachdisziplinen liegt mir sehr am Herzen. Aus- und Weiterbildung w\u00e4hrend meiner beruflichen T\u00e4tigkeit&hellip; <\/p>\n","protected":false},"author":2,"featured_media":0,"parent":24,"menu_order":35,"comment_status":"closed","ping_status":"closed","template":"","meta":{"footnotes":""},"class_list":["post-252","page","type-page","status-publish","hentry"],"_links":{"self":[{"href":"http:\/\/logopaedie-schrems.at\/wordpress\/wp-json\/wp\/v2\/pages\/252","targetHints":{"allow":["GET"]}}],"collection":[{"href":"http:\/\/logopaedie-schrems.at\/wordpress\/wp-json\/wp\/v2\/pages"}],"about":[{"href":"http:\/\/logopaedie-schrems.at\/wordpress\/wp-json\/wp\/v2\/types\/page"}],"author":[{"embeddable":true,"href":"http:\/\/logopaedie-schrems.at\/wordpress\/wp-json\/wp\/v2\/users\/2"}],"replies":[{"embeddable":true,"href":"http:\/\/logopaedie-schrems.at\/wordpress\/wp-json\/wp\/v2\/comments?post=252"}],"version-history":[{"count":73,"href":"http:\/\/logopaedie-schrems.at\/wordpress\/wp-json\/wp\/v2\/pages\/252\/revisions"}],"predecessor-version":[{"id":896,"href":"http:\/\/logopaedie-schrems.at\/wordpress\/wp-json\/wp\/v2\/pages\/252\/revisions\/896"}],"up":[{"embeddable":true,"href":"http:\/\/logopaedie-schrems.at\/wordpress\/wp-json\/wp\/v2\/pages\/24"}],"wp:attachment":[{"href":"http:\/\/logopaedie-schrems.at\/wordpress\/wp-json\/wp\/v2\/media?parent=252"}],"curies":[{"name":"wp","href":"https:\/\/api.w.org\/{rel}","templated":true}]}}