{"id":91,"date":"2014-05-19T11:25:18","date_gmt":"2014-05-19T09:25:18","guid":{"rendered":"http:\/\/dasgrafikbuero.at\/wp_ami\/?page_id=91"},"modified":"2025-09-14T22:27:29","modified_gmt":"2025-09-14T20:27:29","slug":"therapiekosten","status":"publish","type":"page","link":"http:\/\/logopaedie-schrems.at\/wordpress\/praxis\/therapiekosten","title":{"rendered":"Praxis-Info"},"content":{"rendered":"\r\n<p class=\"has-normal-font-size\">\u00a0<\/p>\r\n\r\n<p>F\u00fcr die logop\u00e4dische Therapie ben\u00f6tigen Sie eine<\/p>\r\n<ul>\r\n<li><strong>Verordnung<\/strong> durch den Facharzt (HNO-Arzt, Zahnarzt, Kinderarzt, Neurologen) \u00a0 \u00a0 \u00a0 \u00a0 \u00a0 \u00a0 \u00a0 \u00a0 \u00a0 \u00a0 \u00a0 \u00a0 \u00a0 \u00a0 \u00a0 \u00a0 \u00a0 \u00a0 \u00a0 \u00a0 \u00a0 \u00a0 \u00a0 \u00a0 \u00a0 \u00a0 \u00a0 \u00a0 \u00a0 \u00a0 \u00a0 \u00a0<\/li>\r\n<li>Ihre <strong>pers\u00f6nlichen Daten<\/strong>, die <strong>Diagnose<\/strong> und die Dauer der Behandlung (<strong>10x 60 Minuten Logop\u00e4dische Therapie\/ LP03\/ T3<\/strong>) sollten auf der Verordnung angef\u00fchrt sein. \u00a0 \u00a0 \u00a0 \u00a0 \u00a0 \u00a0 \u00a0 \u00a0 \u00a0 \u00a0 \u00a0 \u00a0 \u00a0 \u00a0 \u00a0 \u00a0 \u00a0 \u00a0 \u00a0 \u00a0 \u00a0 \u00a0 \u00a0 \u00a0 \u00a0 \u00a0 \u00a0 \u00a0 \u00a0 \u00a0 \u00a0 \u00a0 \u00a0 \u00a0 \u00a0 \u00a0 \u00a0 \u00a0 \u00a0 \u00a0 \u00a0 \u00a0 \u00a0 \u00a0<\/li>\r\n<li>Eine logop\u00e4dische Einheit beinhaltet alle unmittelbaren T\u00e4tigkeiten mit und f\u00fcr die Patient*in (<strong>Vor- und Nachbereitung<\/strong>). \u00a0 \u00a0 \u00a0 \u00a0 \u00a0 \u00a0 \u00a0 \u00a0 \u00a0 \u00a0 \u00a0 \u00a0 \u00a0 \u00a0 \u00a0 \u00a0 \u00a0 \u00a0 \u00a0 \u00a0 \u00a0 \u00a0 \u00a0 \u00a0 \u00a0 \u00a0 \u00a0 \u00a0 \u00a0 \u00a0 \u00a0 \u00a0 \u00a0 \u00a0 \u00a0 \u00a0 \u00a0 \u00a0 \u00a0 \u00a0 \u00a0 \u00a0 \u00a0 \u00a0 \u00a0 \u00a0 \u00a0 \u00a0 \u00a0 \u00a0 \u00a0 \u00a0 \u00a0 \u00a0 \u00a0 \u00a0 \u00a0 \u00a0 \u00a0 \u00a0 \u00a0 \u00a0 \u00a0 \u00a0 \u00a0 \u00a0 \u00a0 \u00a0 \u00a0 \u00a0 \u00a0 \u00a0 \u00a0 \u00a0 \u00a0 \u00a0 \u00a0 \u00a0 \u00a0 \u00a0 \u00a0 \u00a0 \u00a0<\/li>\r\n<li>Ansuchen um <strong>chef\u00e4rztliche Bewilligung<\/strong>\u00a0der Verordnung ist bei der <strong>SVS<\/strong> und <strong>KFA<\/strong> erforderlich (bei der <strong>\u00d6GK<\/strong> und <strong>BVAEB<\/strong> ist die <strong>Bewilligungspflicht derzeit ausgesetzt<\/strong>).<\/li>\r\n<\/ul>\r\n<hr \/>\r\n<p>Ich arbeite als <strong>Wahllogop\u00e4din <\/strong>aller Kassen nach dem Wahlarztprinzip. Die <strong>Bezahlung<\/strong> erfolgt <strong>nach jeder Therapieeinheit in bar<\/strong>. Sie erhalten eine Honorarnote, die Sie f\u00fcr die Kostenr\u00fcckerstattung bei ihrer Krankenkasse zusammen mit dem chef\u00e4rztlich bewilligten Verordnungsschein zur Refundierung einreichen. Je nach Krankenkasse werden 50 &#8211; 70% der Kosten erstattet, bei einer Zusatzversicherung bis zu 100%.<\/p>\r\n<p style=\"font-weight: 400;\">Falls ein Termin nicht eingehalten werden kann, bitte um <strong>Terminabsage telefonisch <\/strong>unter <strong>0650 7728088 oder per SMS <\/strong>sobald als m\u00f6glich, <strong>sp\u00e4testens 24 Stunden vor dem jeweiligen Behandlungstermin<\/strong>.<\/p>\r\n<p style=\"font-weight: 400;\">Ich bitte um Verst\u00e4ndnis, dass kurzfristig abgesagte oder unentschuldigt vers\u00e4umte Termine <strong>privat in Rechnung<\/strong> gestellt werden (keine Refundierung durch die Krankenkasse).<\/p>\r\n<p>&nbsp;<\/p>\r\n","protected":false},"excerpt":{"rendered":"<p>\u00a0 F\u00fcr die logop\u00e4dische Therapie ben\u00f6tigen Sie eine Verordnung durch den Facharzt (HNO-Arzt, Zahnarzt, Kinderarzt, Neurologen) \u00a0 \u00a0 \u00a0 \u00a0 \u00a0 \u00a0 \u00a0 \u00a0 \u00a0 \u00a0 \u00a0 \u00a0 \u00a0 \u00a0 \u00a0 \u00a0 \u00a0 \u00a0 \u00a0 \u00a0 \u00a0 \u00a0 \u00a0 \u00a0&hellip; <\/p>\n","protected":false},"author":2,"featured_media":0,"parent":28,"menu_order":57,"comment_status":"closed","ping_status":"closed","template":"","meta":{"footnotes":""},"class_list":["post-91","page","type-page","status-publish","hentry"],"_links":{"self":[{"href":"http:\/\/logopaedie-schrems.at\/wordpress\/wp-json\/wp\/v2\/pages\/91","targetHints":{"allow":["GET"]}}],"collection":[{"href":"http:\/\/logopaedie-schrems.at\/wordpress\/wp-json\/wp\/v2\/pages"}],"about":[{"href":"http:\/\/logopaedie-schrems.at\/wordpress\/wp-json\/wp\/v2\/types\/page"}],"author":[{"embeddable":true,"href":"http:\/\/logopaedie-schrems.at\/wordpress\/wp-json\/wp\/v2\/users\/2"}],"replies":[{"embeddable":true,"href":"http:\/\/logopaedie-schrems.at\/wordpress\/wp-json\/wp\/v2\/comments?post=91"}],"version-history":[{"count":73,"href":"http:\/\/logopaedie-schrems.at\/wordpress\/wp-json\/wp\/v2\/pages\/91\/revisions"}],"predecessor-version":[{"id":895,"href":"http:\/\/logopaedie-schrems.at\/wordpress\/wp-json\/wp\/v2\/pages\/91\/revisions\/895"}],"up":[{"embeddable":true,"href":"http:\/\/logopaedie-schrems.at\/wordpress\/wp-json\/wp\/v2\/pages\/28"}],"wp:attachment":[{"href":"http:\/\/logopaedie-schrems.at\/wordpress\/wp-json\/wp\/v2\/media?parent=91"}],"curies":[{"name":"wp","href":"https:\/\/api.w.org\/{rel}","templated":true}]}}