{"id":93,"date":"2014-05-19T11:25:50","date_gmt":"2014-05-19T09:25:50","guid":{"rendered":"http:\/\/dasgrafikbuero.at\/wp_ami\/?page_id=93"},"modified":"2026-02-17T11:15:12","modified_gmt":"2026-02-17T09:15:12","slug":"praxisinfos","status":"publish","type":"page","link":"http:\/\/logopaedie-schrems.at\/wordpress\/praxis\/praxisinfos","title":{"rendered":"Therapieablauf"},"content":{"rendered":"<p>Bitte bringen Sie zum ersten Termin den chef\u00e4rztlich bewilligten Verordnungsschein und eventuell vorhandene \u00e4rztliche Befunde mit. Die \u00d6GK und BVAEB haben die Bewilligungspflicht derzeit ausgesetzt.<\/p>\n<p>Die Therapiestunden f\u00fcr Kinder verlaufen individuell abgestimmt und spielerisch. Am Ende erh\u00e4lt Ihr Kind meist eine \u201eHausaufgabe\u201c. Die Beratung und Zusammenarbeit mit den Eltern und das Wiederholen der \u00dcbungen zu Hause sind wichtige Bestandteile der Therapie. Bitte nehmen Sie die erhaltenen \u00dcbungsmaterialien in die Therapiestunden mit.<\/p>\n<p>Zur Stimmtherapie empfiehlt sich bequeme Kleidung, in der Sie sich gut bewegen k\u00f6nnen.<\/p>\n<p>Je nach St\u00f6rungsbild, Alter und Therapieschwerpunkt werden die Therapieabst\u00e4nde individuell vereinbart.<\/p>\n","protected":false},"excerpt":{"rendered":"<p>Bitte bringen Sie zum ersten Termin den chef\u00e4rztlich bewilligten Verordnungsschein und eventuell vorhandene \u00e4rztliche Befunde mit. Die \u00d6GK und BVAEB haben die Bewilligungspflicht derzeit ausgesetzt. Die Therapiestunden f\u00fcr Kinder verlaufen individuell abgestimmt und spielerisch. Am Ende erh\u00e4lt Ihr Kind meist&hellip; <\/p>\n","protected":false},"author":2,"featured_media":0,"parent":28,"menu_order":59,"comment_status":"closed","ping_status":"closed","template":"","meta":{"footnotes":""},"class_list":["post-93","page","type-page","status-publish","hentry"],"_links":{"self":[{"href":"http:\/\/logopaedie-schrems.at\/wordpress\/wp-json\/wp\/v2\/pages\/93","targetHints":{"allow":["GET"]}}],"collection":[{"href":"http:\/\/logopaedie-schrems.at\/wordpress\/wp-json\/wp\/v2\/pages"}],"about":[{"href":"http:\/\/logopaedie-schrems.at\/wordpress\/wp-json\/wp\/v2\/types\/page"}],"author":[{"embeddable":true,"href":"http:\/\/logopaedie-schrems.at\/wordpress\/wp-json\/wp\/v2\/users\/2"}],"replies":[{"embeddable":true,"href":"http:\/\/logopaedie-schrems.at\/wordpress\/wp-json\/wp\/v2\/comments?post=93"}],"version-history":[{"count":29,"href":"http:\/\/logopaedie-schrems.at\/wordpress\/wp-json\/wp\/v2\/pages\/93\/revisions"}],"predecessor-version":[{"id":900,"href":"http:\/\/logopaedie-schrems.at\/wordpress\/wp-json\/wp\/v2\/pages\/93\/revisions\/900"}],"up":[{"embeddable":true,"href":"http:\/\/logopaedie-schrems.at\/wordpress\/wp-json\/wp\/v2\/pages\/28"}],"wp:attachment":[{"href":"http:\/\/logopaedie-schrems.at\/wordpress\/wp-json\/wp\/v2\/media?parent=93"}],"curies":[{"name":"wp","href":"https:\/\/api.w.org\/{rel}","templated":true}]}}